{"id":2881,"date":"2023-06-02T08:01:16","date_gmt":"2023-06-02T08:01:16","guid":{"rendered":"http:\/\/companiaolaberria.com\/politica-de-privacidad\/"},"modified":"2024-11-27T07:30:57","modified_gmt":"2024-11-27T07:30:57","slug":"pribatutasun-politika","status":"publish","type":"page","link":"https:\/\/companiaolaberria.com\/eu\/pribatutasun-politika\/","title":{"rendered":"Pribatutasun politika"},"content":{"rendered":"\t\t<div data-elementor-type=\"wp-page\" data-elementor-id=\"2881\" class=\"elementor elementor-2881 elementor-2340\">\n\t\t\t\t\t\t\t\t\t<section class=\"elementor-section elementor-top-section elementor-element elementor-element-2c1cca2 elementor-section-boxed elementor-section-height-default elementor-section-height-default\" data-id=\"2c1cca2\" data-element_type=\"section\" data-settings=\"{&quot;background_background&quot;:&quot;classic&quot;,&quot;animation&quot;:&quot;none&quot;}\">\n\t\t\t\t\t\t<div class=\"elementor-container elementor-column-gap-default\">\n\t\t\t\t\t<div class=\"elementor-column elementor-col-100 elementor-top-column elementor-element elementor-element-fc5a763\" data-id=\"fc5a763\" data-element_type=\"column\">\n\t\t\t<div class=\"elementor-widget-wrap elementor-element-populated\">\n\t\t\t\t\t\t\t\t<div class=\"elementor-element elementor-element-3f47347 elementor-widget elementor-widget-spacer\" data-id=\"3f47347\" data-element_type=\"widget\" data-widget_type=\"spacer.default\">\n\t\t\t\t<div class=\"elementor-widget-container\">\n\t\t\t<style>\/*! elementor - v3.13.3 - 28-05-2023 *\/\n.elementor-column .elementor-spacer-inner{height:var(--spacer-size)}.e-con{--container-widget-width:100%}.e-con-inner>.elementor-widget-spacer,.e-con>.elementor-widget-spacer{width:var(--container-widget-width,var(--spacer-size));--align-self:var(--container-widget-align-self,initial);--flex-shrink:0}.e-con-inner>.elementor-widget-spacer>.elementor-widget-container,.e-con-inner>.elementor-widget-spacer>.elementor-widget-container>.elementor-spacer,.e-con>.elementor-widget-spacer>.elementor-widget-container,.e-con>.elementor-widget-spacer>.elementor-widget-container>.elementor-spacer{height:100%}.e-con-inner>.elementor-widget-spacer>.elementor-widget-container>.elementor-spacer>.elementor-spacer-inner,.e-con>.elementor-widget-spacer>.elementor-widget-container>.elementor-spacer>.elementor-spacer-inner{height:var(--container-widget-height,var(--spacer-size))}<\/style>\t\t<div class=\"elementor-spacer\">\n\t\t\t<div class=\"elementor-spacer-inner\"><\/div>\n\t\t<\/div>\n\t\t\t\t<\/div>\n\t\t\t\t<\/div>\n\t\t\t\t<div class=\"elementor-element elementor-element-7c49677 elementor-invisible elementor-widget elementor-widget-heading\" data-id=\"7c49677\" data-element_type=\"widget\" data-settings=\"{&quot;_animation&quot;:&quot;fadeIn&quot;}\" data-widget_type=\"heading.default\">\n\t\t\t\t<div class=\"elementor-widget-container\">\n\t\t\t<style>\/*! elementor - v3.13.3 - 28-05-2023 *\/\n.elementor-heading-title{padding:0;margin:0;line-height:1}.elementor-widget-heading .elementor-heading-title[class*=elementor-size-]>a{color:inherit;font-size:inherit;line-height:inherit}.elementor-widget-heading .elementor-heading-title.elementor-size-small{font-size:15px}.elementor-widget-heading .elementor-heading-title.elementor-size-medium{font-size:19px}.elementor-widget-heading .elementor-heading-title.elementor-size-large{font-size:29px}.elementor-widget-heading .elementor-heading-title.elementor-size-xl{font-size:39px}.elementor-widget-heading .elementor-heading-title.elementor-size-xxl{font-size:59px}<\/style><h2 class=\"elementor-heading-title elementor-size-default\"> <strong> PRIBASUTASUN<\/strong> POLITIKA\n<\/h2>\t\t<\/div>\n\t\t\t\t<\/div>\n\t\t\t\t<div class=\"elementor-element elementor-element-7f61b07 elementor-widget elementor-widget-spacer\" data-id=\"7f61b07\" data-element_type=\"widget\" data-widget_type=\"spacer.default\">\n\t\t\t\t<div class=\"elementor-widget-container\">\n\t\t\t\t\t<div class=\"elementor-spacer\">\n\t\t\t<div class=\"elementor-spacer-inner\"><\/div>\n\t\t<\/div>\n\t\t\t\t<\/div>\n\t\t\t\t<\/div>\n\t\t\t\t\t<\/div>\n\t\t<\/div>\n\t\t\t\t\t\t\t<\/div>\n\t\t<\/section>\n\t\t\t\t<section class=\"elementor-section elementor-top-section elementor-element elementor-element-2e75de2 elementor-section-boxed elementor-section-height-default elementor-section-height-default elementor-invisible\" data-id=\"2e75de2\" data-element_type=\"section\" data-settings=\"{&quot;animation&quot;:&quot;fadeIn&quot;}\">\n\t\t\t\t\t\t<div class=\"elementor-container elementor-column-gap-default\">\n\t\t\t\t\t<div class=\"elementor-column elementor-col-100 elementor-top-column elementor-element elementor-element-a6d7b80\" data-id=\"a6d7b80\" data-element_type=\"column\">\n\t\t\t<div class=\"elementor-widget-wrap elementor-element-populated\">\n\t\t\t\t\t\t\t\t<div class=\"elementor-element elementor-element-cd48be8 elementor-widget__width-initial elementor-widget elementor-widget-text-editor\" data-id=\"cd48be8\" data-element_type=\"widget\" data-widget_type=\"text-editor.default\">\n\t\t\t\t<div class=\"elementor-widget-container\">\n\t\t\t<style>\/*! elementor - v3.13.3 - 28-05-2023 *\/\n.elementor-widget-text-editor.elementor-drop-cap-view-stacked .elementor-drop-cap{background-color:#69727d;color:#fff}.elementor-widget-text-editor.elementor-drop-cap-view-framed .elementor-drop-cap{color:#69727d;border:3px solid;background-color:transparent}.elementor-widget-text-editor:not(.elementor-drop-cap-view-default) .elementor-drop-cap{margin-top:8px}.elementor-widget-text-editor:not(.elementor-drop-cap-view-default) .elementor-drop-cap-letter{width:1em;height:1em}.elementor-widget-text-editor .elementor-drop-cap{float:left;text-align:center;line-height:1;font-size:50px}.elementor-widget-text-editor .elementor-drop-cap-letter{display:inline-block}<\/style>\t\t\t\t<p>COMPANIAOLABERRIA.COMek jakinarazten dizu formulario hau betez ematen dizkiguzun datu pertsonalak COMPA\u00d1\u00cdA OLABERRIA ELKARTEAK (IFK: G20774592; egoitza soziala: Olaberria auzoa, 48) erabiliko dituela, webgune honen arduraduna den aldetik.<\/p><p>Eskatzen dizkizugun datu pertsonalak biltzearen eta tratatzearen helburua gure produktu eta\/edo zerbitzuei buruzko informazioa eskaintzea da. Onarpen-laukitxoa markatzean, zure datuak gure pribatutasun-politikan deskribatutako formulario honen helburuen arabera tratatzeko baimena ematen ari zara. Formularioan nahitaezko gisa agertzen diren datu pertsonalak sartzen ez badituzu, zure eskaerari jaramonik ez egitea gerta liteke. Datuak eskuratzeko, zuzentzeko, mugatzeko eta ezabatzeko eskubideak erabili <a href=\"mailto:info@companiaolaberria.com\">info@companiaolaberria.com<\/a> webgunean erabili ahal izango dituzu, baita kontrol-agintaritza baten aurrean erreklamazioa aurkezteko eskubidea ere. Datuen babesari buruzko informazio gehigarria eta zehatza gure pribatutasun-politikan kontsulta dezakezu.<\/p><h4>Env\u00edo y Registro de Datos de Car\u00e1cter Personal<\/h4><p>El env\u00edo de datos de car\u00e1cter personal es obligatorio para contactar y realizar solicitudes comerciales con companiaolaberria.com. Asimismo, el no facilitar los datos personales solicitados o el no aceptar la presente pol\u00edtica de protecci\u00f3n de datos supone la imposibilidad de procesar las solicitudes realizadas en este portal.<\/p><p>Los supuestos en los que esta web requiere datos personales son:<\/p><ul><li>Para realizar consultas a trav\u00e9s del formulario de contacto.<\/li><li>Para solicitar cualquiera de los servicios y\/o productos que ofrecemos.<\/li><\/ul><p>La informaci\u00f3n personal suministrada se utilizar\u00e1 de la siguiente manera:<\/p><ul><li>Para promocionar los servicios de companiaolaberria.com. Por ejemplo, si el usuario deja su informaci\u00f3n personal en alguno de los formularios de contacto, companiaolaberria.com puede utilizar esos datos para enviarle informaci\u00f3n sobre sus servicios en el caso de que esta sea solicitada.<\/li><li>Para garantizar el cumplimiento de las condiciones de uso y la ley aplicable. Esto puede incluir desarrollo de herramientas y algoritmos que ayudan a esta web a garantizar la confidencialidad de los datos personales que recoge.<\/li><li>Para la atenci\u00f3n al cliente y prestar servicios de seguimiento.<\/li><li>Para establecer comunicaci\u00f3n con suscriptores, usuarios y clientes.<br \/>En cada uno de los casos, como usuario tendr\u00e1s plenos derechos sobre tus datos personales y sobre el uso de los mismos y podr\u00e1s ejercitarlos en cualquier momento.<br \/>En ning\u00fan caso cederemos tus datos a terceros sin informarte previamente y requerirte tu consentimiento.<\/li><\/ul><h4>Servicios ofrecidos por terceros en esta web<\/h4><p>Para proporcionar servicios estrictamente necesarios para el desarrollo de nuestra actividad, compartimos datos con los siguientes prestadores bajo sus correspondientes condiciones de privacidad:<\/p><p>\u2013 Hosting: 1&amp;1 Internet Espa\u00f1a S.L.U., con CIF: B85049435, y direcci\u00f3n fiscal: Avenida de La Vega, 1 \u2013 Edificio Veganova (Edificio 3, planta 5o puerta C), 28108, Alcobendas (Madrid). 1&amp;1 trata los datos de usuarios y prescriptores web con la finalidad de realizar sus servicios de hosting y correo electr\u00f3nico a companiaolaberria.com. M\u00e1s informaci\u00f3n en <a href=\"https:\/\/www.ionos.es\/\">1and1.es<\/a><\/p><h4>Sistemas de captura de datos personales<\/h4><p>Esta web utiliza diferentes sistemas de captura de informaci\u00f3n personal, requiriendo siempre el consentimiento previo de los usuarios para tratar sus datos personales con los fines indicados.<\/p><p>Como Usuario tienes derecho a revocar tu consentimiento previo en cualquier momento.<\/p><p>Sistemas de captura de informaci\u00f3n personal utilizados:<\/p><p>\u2013 Formulario de contacto para sugerencias, consutas o contacto profesional<\/p><p>\u2013 Formulario de suscripci\u00f3n al boletin de noticias<\/p><p>\u2013 Formulario de registro para clientes que desean utilizar los servicios proporcionados por companiaolaberria.com<\/p><p>\u2013 Cookies: El usuario puede consultar en cualquier momento la pol\u00edtica de cookies para ampliar informaci\u00f3n sobre el uso de cookies y c\u00f3mo desactivarlas.<\/p><p>El usuario garantiza que los datos personales facilitados a trav\u00e9s de los diferentes formularios son veraces, quedando obligado a comunicar cualquier modificaci\u00f3n de los mismos. Igualmente, el usuario garantiza que toda la informaci\u00f3n facilitada corresponde con su situaci\u00f3n real, que est\u00e1 puesta al d\u00eda y es exacta. Adem\u00e1s, el usuario se obliga a mantener en todo momento sus datos actualizados, siendo el \u00fanico responsable de la inexactitud o falsedad de los datos facilitados y de los perjuicios que pueda causar por ello a ASOC. COMPA\u00d1\u00cdA OLABERRIA como titular de la web companiaolaberria.com, o a terceros con motivo de la utilizaci\u00f3n de dichos datos.<\/p><h4>EJERCICIO DE LOS DERECHOS DE ACCESO, RECTIFICACI\u00d3N, CANCELACI\u00d3N U OPOSICI\u00d3N (ARCO)<\/h4><p>El usuario podr\u00e1 dirigir sus comunicaciones y ejercitar sus derechos ARCO siguiendo las formalidades impuestas por la Ley Org\u00e1nica 15\/1999, de 13 de diciembre, de Protecci\u00f3n de Datos de Car\u00e1cter Personal y su Reglamento de Desarrollo.<\/p><p>Podr\u00e1 ejercitar sus derechos de acceso, rectificaci\u00f3n, cancelaci\u00f3n y oposici\u00f3n mediante solicitud escrita y firmada en la que se contengan los siguientes datos: nombre y apellidos, domicilio a efectos de notificaciones, junto con prueba v\u00e1lida en derecho, como fotocopia del DNI\/C\u00e9dula, pasaporte o equivalente, y la petici\u00f3n en que se concrete la solicitud. El escrito deber\u00e1 remitirse a ASOC. COMPA\u00d1\u00cdA OLABERRIA, B\u00ba Olaberria 38, Coop. del Camino, Irun.<\/p><h4>ACEPTACI\u00d3N Y CONSENTIMIENTO<\/h4><p>El usuario declara haber sido informado de las condiciones sobre Protecci\u00f3n de Datos de Car\u00e1cter Personal, aceptando y consintiendo el tratamiento de los mismos por parte de companiaolaberria.com y para las finalidades indicadas en la presente Pol\u00edtica de Privacidad.<\/p><h4>CAMBIOS EN LA PRESENTE POL\u00cdTICA DE PRIVACIDAD<br \/>ASOC. COMPA\u00d1\u00cdA OLABERRIA<\/h4><p>se reserva el derecho a modificar la presente pol\u00edtica para adaptarla a novedades legislativas o jurisprudenciales as\u00ed como a pr\u00e1cticas de la industria. En dichos supuestos, el prestador anunciar\u00e1 en esta p\u00e1gina los cambios introducidos con razonable antelaci\u00f3n a su puesta en pr\u00e1ctica.<\/p><h4>CORREOS COMERCIALES<\/h4><p>De acuerdo con la LSSICE, companiaolaberria.com no realiza pr\u00e1cticas de SPAM, por lo que no enviar\u00e1 correos comerciales por v\u00eda electr\u00f3nica que no hayan sido previamente solicitados o autorizados por parte del usuario.<\/p>\t\t\t\t\t\t<\/div>\n\t\t\t\t<\/div>\n\t\t\t\t\t<\/div>\n\t\t<\/div>\n\t\t\t\t\t\t\t<\/div>\n\t\t<\/section>\n\t\t\t\t<section class=\"elementor-section elementor-top-section elementor-element elementor-element-2cbff74 elementor-section-boxed elementor-section-height-default elementor-section-height-default\" data-id=\"2cbff74\" data-element_type=\"section\">\n\t\t\t\t\t\t<div class=\"elementor-container elementor-column-gap-default\">\n\t\t\t\t\t<div class=\"elementor-column elementor-col-100 elementor-top-column elementor-element elementor-element-a886af6\" data-id=\"a886af6\" data-element_type=\"column\">\n\t\t\t<div class=\"elementor-widget-wrap elementor-element-populated\">\n\t\t\t\t\t\t\t\t<div class=\"elementor-element elementor-element-fa16208 elementor-widget elementor-widget-spacer\" data-id=\"fa16208\" data-element_type=\"widget\" data-widget_type=\"spacer.default\">\n\t\t\t\t<div class=\"elementor-widget-container\">\n\t\t\t\t\t<div class=\"elementor-spacer\">\n\t\t\t<div class=\"elementor-spacer-inner\"><\/div>\n\t\t<\/div>\n\t\t\t\t<\/div>\n\t\t\t\t<\/div>\n\t\t\t\t\t<\/div>\n\t\t<\/div>\n\t\t\t\t\t\t\t<\/div>\n\t\t<\/section>\n\t\t\t\t\t\t\t<\/div>\n\t\t","protected":false},"excerpt":{"rendered":"<p>PRIBASUTASUN POLITIKA COMPANIAOLABERRIA.COMek jakinarazten dizu formulario hau betez ematen dizkiguzun datu pertsonalak COMPA\u00d1\u00cdA OLABERRIA ELKARTEAK (IFK: G20774592; egoitza soziala: Olaberria auzoa, 48) erabiliko dituela, webgune honen arduraduna den aldetik. Eskatzen dizkizugun datu pertsonalak biltzearen eta tratatzearen helburua gure produktu eta\/edo zerbitzuei buruzko informazioa eskaintzea da. Onarpen-laukitxoa markatzean, zure datuak gure pribatutasun-politikan deskribatutako formulario honen helburuen [&hellip;]<\/p>\n","protected":false},"author":2,"featured_media":0,"parent":0,"menu_order":0,"comment_status":"closed","ping_status":"closed","template":"","meta":{"inline_featured_image":false,"footnotes":""},"class_list":["post-2881","page","type-page","status-publish","hentry"],"_links":{"self":[{"href":"https:\/\/companiaolaberria.com\/eu\/wp-json\/wp\/v2\/pages\/2881","targetHints":{"allow":["GET"]}}],"collection":[{"href":"https:\/\/companiaolaberria.com\/eu\/wp-json\/wp\/v2\/pages"}],"about":[{"href":"https:\/\/companiaolaberria.com\/eu\/wp-json\/wp\/v2\/types\/page"}],"author":[{"embeddable":true,"href":"https:\/\/companiaolaberria.com\/eu\/wp-json\/wp\/v2\/users\/2"}],"replies":[{"embeddable":true,"href":"https:\/\/companiaolaberria.com\/eu\/wp-json\/wp\/v2\/comments?post=2881"}],"version-history":[{"count":4,"href":"https:\/\/companiaolaberria.com\/eu\/wp-json\/wp\/v2\/pages\/2881\/revisions"}],"predecessor-version":[{"id":3959,"href":"https:\/\/companiaolaberria.com\/eu\/wp-json\/wp\/v2\/pages\/2881\/revisions\/3959"}],"wp:attachment":[{"href":"https:\/\/companiaolaberria.com\/eu\/wp-json\/wp\/v2\/media?parent=2881"}],"curies":[{"name":"wp","href":"https:\/\/api.w.org\/{rel}","templated":true}]}}